{"id":1315,"date":"2022-03-11T11:36:29","date_gmt":"2022-03-11T10:36:29","guid":{"rendered":"https:\/\/brigitte.guide\/?page_id=1315"},"modified":"2022-03-14T16:52:50","modified_gmt":"2022-03-14T15:52:50","slug":"salzburg-highlights","status":"publish","type":"page","link":"https:\/\/brigitte.guide\/?page_id=1315","title":{"rendered":"Salzburg Highlights"},"content":{"rendered":"\n<figure class=\"wp-block-gallery has-nested-images columns-3 is-cropped wp-block-gallery-1 is-layout-flex wp-block-gallery-is-layout-flex\">\n<figure class=\"wp-block-image size-large\"><img loading=\"lazy\" decoding=\"async\" width=\"768\" height=\"1024\" data-id=\"893\" src=\"https:\/\/bnb-attersee.at\/guide\/wp-content\/uploads\/sites\/2\/2021\/04\/Glockenspiel-JPG-768x1024.jpg\" alt=\"\" class=\"wp-image-893\" srcset=\"https:\/\/brigitte.guide\/wp-content\/uploads\/sites\/2\/2021\/04\/Glockenspiel-JPG-768x1024.jpg 768w, https:\/\/brigitte.guide\/wp-content\/uploads\/sites\/2\/2021\/04\/Glockenspiel-JPG-225x300.jpg 225w, https:\/\/brigitte.guide\/wp-content\/uploads\/sites\/2\/2021\/04\/Glockenspiel-JPG-1152x1536.jpg 1152w, https:\/\/brigitte.guide\/wp-content\/uploads\/sites\/2\/2021\/04\/Glockenspiel-JPG-1536x2048.jpg 1536w, https:\/\/brigitte.guide\/wp-content\/uploads\/sites\/2\/2021\/04\/Glockenspiel-JPG-1140x1520.jpg 1140w, https:\/\/brigitte.guide\/wp-content\/uploads\/sites\/2\/2021\/04\/Glockenspiel-JPG-scaled.jpg 1920w\" sizes=\"auto, (max-width: 768px) 100vw, 768px\" \/><\/figure>\n\n\n\n<figure class=\"wp-block-image size-large\"><img loading=\"lazy\" decoding=\"async\" width=\"768\" height=\"1024\" data-id=\"1043\" src=\"https:\/\/bnb-attersee.at\/guide\/wp-content\/uploads\/sites\/2\/2021\/12\/Florianibrunnen-detail-1JPG-768x1024.jpg\" alt=\"\" class=\"wp-image-1043\" srcset=\"https:\/\/brigitte.guide\/wp-content\/uploads\/sites\/2\/2021\/12\/Florianibrunnen-detail-1JPG-768x1024.jpg 768w, https:\/\/brigitte.guide\/wp-content\/uploads\/sites\/2\/2021\/12\/Florianibrunnen-detail-1JPG-225x300.jpg 225w, https:\/\/brigitte.guide\/wp-content\/uploads\/sites\/2\/2021\/12\/Florianibrunnen-detail-1JPG-1152x1536.jpg 1152w, https:\/\/brigitte.guide\/wp-content\/uploads\/sites\/2\/2021\/12\/Florianibrunnen-detail-1JPG-1536x2048.jpg 1536w, https:\/\/brigitte.guide\/wp-content\/uploads\/sites\/2\/2021\/12\/Florianibrunnen-detail-1JPG-1140x1520.jpg 1140w, https:\/\/brigitte.guide\/wp-content\/uploads\/sites\/2\/2021\/12\/Florianibrunnen-detail-1JPG-scaled.jpg 1920w\" sizes=\"auto, (max-width: 768px) 100vw, 768px\" \/><\/figure>\n\n\n\n<figure class=\"wp-block-image size-large\"><img loading=\"lazy\" decoding=\"async\" width=\"768\" height=\"1024\" data-id=\"897\" src=\"https:\/\/bnb-attersee.at\/guide\/wp-content\/uploads\/sites\/2\/2021\/06\/Dom-Paulus-768x1024.jpg\" alt=\"\" class=\"wp-image-897\" srcset=\"https:\/\/brigitte.guide\/wp-content\/uploads\/sites\/2\/2021\/06\/Dom-Paulus-768x1024.jpg 768w, https:\/\/brigitte.guide\/wp-content\/uploads\/sites\/2\/2021\/06\/Dom-Paulus-225x300.jpg 225w, https:\/\/brigitte.guide\/wp-content\/uploads\/sites\/2\/2021\/06\/Dom-Paulus-1152x1536.jpg 1152w, https:\/\/brigitte.guide\/wp-content\/uploads\/sites\/2\/2021\/06\/Dom-Paulus-1536x2048.jpg 1536w, https:\/\/brigitte.guide\/wp-content\/uploads\/sites\/2\/2021\/06\/Dom-Paulus-1140x1520.jpg 1140w, https:\/\/brigitte.guide\/wp-content\/uploads\/sites\/2\/2021\/06\/Dom-Paulus-scaled.jpg 1920w\" sizes=\"auto, (max-width: 768px) 100vw, 768px\" \/><\/figure>\n<\/figure>\n\n\n\n<div class=\"wp-block-columns is-layout-flex wp-container-core-columns-is-layout-9d6595d7 wp-block-columns-is-layout-flex\">\n<div class=\"wp-block-column is-vertically-aligned-center is-layout-flow wp-block-column-is-layout-flow\">\n<figure class=\"wp-block-table is-style-stripes\"><table><tbody><tr><td><strong>Treffpunkt<\/strong><\/td><td>Makartplatz 2 (Landestheater)<\/td><\/tr><tr><td><strong>Dauer<\/strong><\/td><td>etwa 2 Stunden<\/td><\/tr><\/tbody><\/table><\/figure>\n\n\n\n<p class=\"has-medium-font-size\"><\/p>\n\n\n\n<p class=\"has-medium-font-size\">Vom Mirabellgarten spazieren wir \u00fcber die Salzach in die Altstadt. Auf unserem Streifzug liegen mittelalterliche Gassen und Durchh\u00e4user, der Festspielbezirk sowie die beeindruckende Kulisse des Domes, umrahmt von weiten Pl\u00e4tzen. Immer wieder begegnen uns die Spuren der Familie Mozart.<\/p>\n<\/div>\n\n\n\n<div class=\"wp-block-column is-vertically-aligned-center is-layout-flow wp-block-column-is-layout-flow\"><div style=\"height:400pxpx;\" class=\"wp-block-themeisle-blocks-leaflet-map\" id=\"wp-block-themeisle-blocks-map-bffd4ec3\"><\/div>\n<script type=\"text\/javascript\">\n\t\/* <![CDATA[ *\/\n\t\tif ( ! window.themeisleLeafletMaps ) window.themeisleLeafletMaps =[];\n\t\twindow.themeisleLeafletMaps.push( { container: \"wp-block-themeisle-blocks-map-bffd4ec3\", attributes: {\"id\":\"wp-block-themeisle-blocks-map-bffd4ec3\",\"location\":\"Salzburg\",\"latitude\":\"47.80009749770249\",\"longitude\":\"13.043904304504396\",\"bbox\":\"13.035278320312502,47.79433176454787,13.05253028869629,47.80586259104162\",\"zoom\":15,\"markers\":[{\"id\":\"555a104e-4e1c-486f-a2da-412facb3dda4\",\"latitude\":47.802929679756986,\"longitude\":13.043217658996584,\"title\":\"Start\",\"description\":\"<p>Makartplatz 2<\\\/p>\",\"location\":\"Makartplatz 2\"},{\"id\":\"545b2f55-b6ab-4232-b5ea-815ae8e1faa1\",\"latitude\":47.79787055910981,\"longitude\":13.045459985733032,\"title\":\"Ende\",\"description\":\"\"}],\"hasCustomCSS\":true,\"height\":\"400px\",\"zoomControl\":true,\"draggable\":true,\"customCSS\":\"\",\"otterConditions\":[]} } );\n\t\/* ]]> *\/\n<\/script>\n<\/div>\n<\/div>\n\n\n\n<div id=\"wp-block-themeisle-blocks-button-group-9522c379\" class=\"wp-block-themeisle-blocks-button-group wp-block-buttons align-center\">\n<div id=\"wp-block-themeisle-blocks-button-28038b72\" class=\"wp-block-themeisle-blocks-button wp-block-button grow\"><a href=\"http:\/\/brigitte.guide\/#kontakt\" target=\"_self\" rel=\"noopener noreferrer\" class=\"wp-block-button__link\"><span>Kontakt aufnehmen<\/span><\/a><\/div>\n\n\n\n<div id=\"wp-block-themeisle-blocks-button-9b1ca736\" class=\"wp-block-themeisle-blocks-button wp-block-button grow\"><a href=\"http:\/\/brigitte.guide\/#touren\" target=\"_self\" rel=\"noopener noreferrer\" class=\"wp-block-button__link\"><span>andere Touren<\/span><\/a><\/div>\n<\/div>\n","protected":false},"excerpt":{"rendered":"<p>Treffpunkt Makartplatz 2 (Landestheater) Dauer etwa 2 Stunden Vom Mirabellgarten spazieren wir \u00fcber die Salzach in die Altstadt. Auf unserem Streifzug liegen mittelalterliche Gassen und Durchh\u00e4user, der Festspielbezirk sowie die beeindruckende Kulisse des Domes, umrahmt von weiten Pl\u00e4tzen. Immer wieder begegnen uns die Spuren der Familie Mozart.<\/p>\n","protected":false},"author":1,"featured_media":0,"parent":0,"menu_order":0,"comment_status":"closed","ping_status":"closed","template":"","meta":{"_themeisle_gutenberg_block_has_review":false,"footnotes":""},"class_list":["post-1315","page","type-page","status-publish","hentry"],"_links":{"self":[{"href":"https:\/\/brigitte.guide\/index.php?rest_route=\/wp\/v2\/pages\/1315","targetHints":{"allow":["GET"]}}],"collection":[{"href":"https:\/\/brigitte.guide\/index.php?rest_route=\/wp\/v2\/pages"}],"about":[{"href":"https:\/\/brigitte.guide\/index.php?rest_route=\/wp\/v2\/types\/page"}],"author":[{"embeddable":true,"href":"https:\/\/brigitte.guide\/index.php?rest_route=\/wp\/v2\/users\/1"}],"replies":[{"embeddable":true,"href":"https:\/\/brigitte.guide\/index.php?rest_route=%2Fwp%2Fv2%2Fcomments&post=1315"}],"version-history":[{"count":5,"href":"https:\/\/brigitte.guide\/index.php?rest_route=\/wp\/v2\/pages\/1315\/revisions"}],"predecessor-version":[{"id":1439,"href":"https:\/\/brigitte.guide\/index.php?rest_route=\/wp\/v2\/pages\/1315\/revisions\/1439"}],"wp:attachment":[{"href":"https:\/\/brigitte.guide\/index.php?rest_route=%2Fwp%2Fv2%2Fmedia&parent=1315"}],"curies":[{"name":"wp","href":"https:\/\/api.w.org\/{rel}","templated":true}]}}