{"id":1344,"date":"2022-03-11T12:13:03","date_gmt":"2022-03-11T11:13:03","guid":{"rendered":"https:\/\/brigitte.guide\/?page_id=1344"},"modified":"2022-03-14T16:52:13","modified_gmt":"2022-03-14T15:52:13","slug":"radtour-in-und-um-salzburg","status":"publish","type":"page","link":"https:\/\/brigitte.guide\/?page_id=1344","title":{"rendered":"Radtour in und um Salzburg"},"content":{"rendered":"\n<figure class=\"wp-block-gallery has-nested-images columns-3 is-cropped wp-block-gallery-1 is-layout-flex wp-block-gallery-is-layout-flex\">\n<figure class=\"wp-block-image size-medium\"><img loading=\"lazy\" decoding=\"async\" width=\"300\" height=\"200\" data-id=\"1213\" src=\"https:\/\/bnb-attersee.at\/guide\/wp-content\/uploads\/sites\/2\/2021\/05\/Fahrrad-Salzach-300x200.jpg\" alt=\"\" class=\"wp-image-1213\" srcset=\"https:\/\/brigitte.guide\/wp-content\/uploads\/sites\/2\/2021\/05\/Fahrrad-Salzach-300x200.jpg 300w, https:\/\/brigitte.guide\/wp-content\/uploads\/sites\/2\/2021\/05\/Fahrrad-Salzach-1024x681.jpg 1024w, https:\/\/brigitte.guide\/wp-content\/uploads\/sites\/2\/2021\/05\/Fahrrad-Salzach-768x511.jpg 768w, https:\/\/brigitte.guide\/wp-content\/uploads\/sites\/2\/2021\/05\/Fahrrad-Salzach-1536x1022.jpg 1536w, https:\/\/brigitte.guide\/wp-content\/uploads\/sites\/2\/2021\/05\/Fahrrad-Salzach-2048x1362.jpg 2048w, https:\/\/brigitte.guide\/wp-content\/uploads\/sites\/2\/2021\/05\/Fahrrad-Salzach-1140x758.jpg 1140w\" sizes=\"auto, (max-width: 300px) 100vw, 300px\" \/><\/figure>\n\n\n\n<figure class=\"wp-block-image size-medium\"><img loading=\"lazy\" decoding=\"async\" width=\"300\" height=\"200\" data-id=\"1225\" src=\"https:\/\/bnb-attersee.at\/guide\/wp-content\/uploads\/sites\/2\/2021\/05\/Schloss_Leopoldskron-300x200.jpg\" alt=\"\" class=\"wp-image-1225\" srcset=\"https:\/\/brigitte.guide\/wp-content\/uploads\/sites\/2\/2021\/05\/Schloss_Leopoldskron-300x200.jpg 300w, https:\/\/brigitte.guide\/wp-content\/uploads\/sites\/2\/2021\/05\/Schloss_Leopoldskron-1024x681.jpg 1024w, https:\/\/brigitte.guide\/wp-content\/uploads\/sites\/2\/2021\/05\/Schloss_Leopoldskron-768x511.jpg 768w, https:\/\/brigitte.guide\/wp-content\/uploads\/sites\/2\/2021\/05\/Schloss_Leopoldskron-1536x1022.jpg 1536w, https:\/\/brigitte.guide\/wp-content\/uploads\/sites\/2\/2021\/05\/Schloss_Leopoldskron-1140x759.jpg 1140w, https:\/\/brigitte.guide\/wp-content\/uploads\/sites\/2\/2021\/05\/Schloss_Leopoldskron.jpg 2041w\" sizes=\"auto, (max-width: 300px) 100vw, 300px\" \/><\/figure>\n\n\n\n<figure class=\"wp-block-image size-medium\"><img loading=\"lazy\" decoding=\"async\" width=\"300\" height=\"201\" data-id=\"1215\" src=\"https:\/\/bnb-attersee.at\/guide\/wp-content\/uploads\/sites\/2\/2021\/05\/Frohnburg-300x201.jpg\" alt=\"\" class=\"wp-image-1215\" srcset=\"https:\/\/brigitte.guide\/wp-content\/uploads\/sites\/2\/2021\/05\/Frohnburg-300x201.jpg 300w, https:\/\/brigitte.guide\/wp-content\/uploads\/sites\/2\/2021\/05\/Frohnburg-768x514.jpg 768w, https:\/\/brigitte.guide\/wp-content\/uploads\/sites\/2\/2021\/05\/Frohnburg.jpg 882w\" sizes=\"auto, (max-width: 300px) 100vw, 300px\" \/><\/figure>\n<\/figure>\n\n\n\n<div class=\"wp-block-columns is-layout-flex wp-container-core-columns-is-layout-9d6595d7 wp-block-columns-is-layout-flex\">\n<div class=\"wp-block-column is-vertically-aligned-center is-layout-flow wp-block-column-is-layout-flow\">\n<figure class=\"wp-block-table is-style-stripes\"><table><tbody><tr><td><strong>Treffpunkt<\/strong><\/td><td>nach Vereinbarung<\/td><\/tr><tr><td><strong>Dauer<\/strong><\/td><td>etwa 3 Stunden<\/td><\/tr><\/tbody><\/table><\/figure>\n\n\n\n<p class=\"has-medium-font-size\">Zahlreiche gut ausgebaute Radwege machen das Radfahren in Salzburg zum Vergn\u00fcgen.  <\/p>\n\n\n\n<p class=\"has-medium-font-size\">Die Tour Richtung S\u00fcden f\u00fchrt uns zum Beispiel durch einen Teil der Altstadt \u00fcber den Nonnberg zum Schloss Leopoldskron und weiter bis  Hellbrunn.  Wir radeln entlang des mittelalterlichen Almkanals und durch die 2,5 km lange, vor etwa 400 Jahren angelegte Hellbrunner Allee.<\/p>\n\n\n\n<p><\/p>\n\n\n\n<p class=\"has-medium-font-size\">Bei Bedarf kann ein Rad zur Verf\u00fcgung gestellt werden.<\/p>\n<\/div>\n\n\n\n<div class=\"wp-block-column is-vertically-aligned-center is-layout-flow wp-block-column-is-layout-flow\"><div style=\"height:400pxpx;\" class=\"wp-block-themeisle-blocks-leaflet-map\" id=\"wp-block-themeisle-blocks-map-cbc19876\"><\/div>\n<script type=\"text\/javascript\">\n\t\/* <![CDATA[ *\/\n\t\tif ( ! window.themeisleLeafletMaps ) window.themeisleLeafletMaps =[];\n\t\twindow.themeisleLeafletMaps.push( { container: \"wp-block-themeisle-blocks-map-cbc19876\", attributes: {\"id\":\"wp-block-themeisle-blocks-map-cbc19876\",\"location\":\"Salzburg\",\"latitude\":\"47.786864189318266\",\"longitude\":\"13.052787780761719\",\"bbox\":\"12.983779907226564,47.740708659993324,13.121795654296875,47.8329787686105\",\"zoom\":12,\"markers\":[{\"latitude\":47.806525535756016,\"longitude\":13.04158687591553,\"id\":\"7b979e55-d1bb-4383-8485-2f9d3030d6b9\",\"title\":\"Kurpark\",\"description\":\"\"},{\"latitude\":47.79839667295524,\"longitude\":13.042155504226686,\"id\":\"c446e4d8-b61b-4b5f-bc40-ca2fa9da8bb2\",\"title\":\"Festspielh\\u00e4user\",\"description\":\"\"},{\"latitude\":47.79784893787893,\"longitude\":13.045116662979128,\"id\":\"5da3d605-7ba7-48a5-b7e4-35566840aa1b\",\"title\":\"Domplatz\",\"description\":\"\"},{\"latitude\":47.80224506974707,\"longitude\":13.038400411605837,\"id\":\"61c491da-df2b-42b2-86e7-e4ed06d8402f\",\"title\":\"St. Markus Kirche\",\"description\":\"\"},{\"latitude\":47.795650732446866,\"longitude\":13.051655888557436,\"id\":\"25a15c8f-f5e4-4a28-8ad8-0cce138d24d8\",\"title\":\"Nonnberg\",\"description\":\"\"},{\"latitude\":47.78749133391461,\"longitude\":13.035777211189272,\"id\":\"696e9f29-6f1d-4052-b09f-2919a07f23db\",\"title\":\"Leopoldskron\",\"description\":\"\"},{\"latitude\":47.78072209748994,\"longitude\":13.041946291923525,\"id\":\"51cb3b42-3fc3-489c-8092-7afd8db439cf\",\"title\":\"Almkanal\",\"description\":\"\"},{\"latitude\":47.76332998647307,\"longitude\":13.064396381378176,\"id\":\"72cdef43-113f-4268-a3dc-f6bad69069e2\",\"title\":\"Hellbrunn\",\"description\":\"\"}],\"height\":\"400px\",\"zoomControl\":true,\"draggable\":true,\"hasCustomCSS\":false,\"customCSS\":\"\",\"otterConditions\":[]} } );\n\t\/* ]]> *\/\n<\/script>\n<\/div>\n<\/div>\n\n\n\n<div id=\"wp-block-themeisle-blocks-button-group-9522c379\" class=\"wp-block-themeisle-blocks-button-group wp-block-buttons align-center\">\n<div id=\"wp-block-themeisle-blocks-button-28038b72\" class=\"wp-block-themeisle-blocks-button wp-block-button grow\"><a href=\"http:\/\/brigitte.guide\/#kontakt\" target=\"_self\" rel=\"noopener noreferrer\" class=\"wp-block-button__link\"><span>Kontakt aufnehmen<\/span><\/a><\/div>\n\n\n\n<div id=\"wp-block-themeisle-blocks-button-9b1ca736\" class=\"wp-block-themeisle-blocks-button wp-block-button grow\"><a href=\"http:\/\/brigitte.guide\/#touren\" target=\"_self\" rel=\"noopener noreferrer\" class=\"wp-block-button__link\"><span>andere Touren<\/span><\/a><\/div>\n<\/div>\n","protected":false},"excerpt":{"rendered":"<p>Treffpunkt nach Vereinbarung Dauer etwa 3 Stunden Zahlreiche gut ausgebaute Radwege machen das Radfahren in Salzburg zum Vergn\u00fcgen. Die Tour Richtung S\u00fcden f\u00fchrt uns zum Beispiel durch einen Teil der Altstadt \u00fcber den Nonnberg zum Schloss Leopoldskron und weiter bis Hellbrunn. Wir radeln entlang des mittelalterlichen Almkanals und durch die 2,5 km lange, vor etwa 400 Jahren angelegte Hellbrunner Allee. Bei Bedarf kann ein Rad zur Verf\u00fcgung gestellt werden.<\/p>\n","protected":false},"author":1,"featured_media":0,"parent":0,"menu_order":0,"comment_status":"closed","ping_status":"closed","template":"","meta":{"_themeisle_gutenberg_block_has_review":false,"footnotes":""},"class_list":["post-1344","page","type-page","status-publish","hentry"],"_links":{"self":[{"href":"https:\/\/brigitte.guide\/index.php?rest_route=\/wp\/v2\/pages\/1344","targetHints":{"allow":["GET"]}}],"collection":[{"href":"https:\/\/brigitte.guide\/index.php?rest_route=\/wp\/v2\/pages"}],"about":[{"href":"https:\/\/brigitte.guide\/index.php?rest_route=\/wp\/v2\/types\/page"}],"author":[{"embeddable":true,"href":"https:\/\/brigitte.guide\/index.php?rest_route=\/wp\/v2\/users\/1"}],"replies":[{"embeddable":true,"href":"https:\/\/brigitte.guide\/index.php?rest_route=%2Fwp%2Fv2%2Fcomments&post=1344"}],"version-history":[{"count":3,"href":"https:\/\/brigitte.guide\/index.php?rest_route=\/wp\/v2\/pages\/1344\/revisions"}],"predecessor-version":[{"id":1438,"href":"https:\/\/brigitte.guide\/index.php?rest_route=\/wp\/v2\/pages\/1344\/revisions\/1438"}],"wp:attachment":[{"href":"https:\/\/brigitte.guide\/index.php?rest_route=%2Fwp%2Fv2%2Fmedia&parent=1344"}],"curies":[{"name":"wp","href":"https:\/\/api.w.org\/{rel}","templated":true}]}}